{"id":221,"date":"2015-11-20T13:10:08","date_gmt":"2015-11-20T11:10:08","guid":{"rendered":"http:\/\/www.lowrider.fi\/?page_id=221"},"modified":"2015-11-20T13:10:08","modified_gmt":"2015-11-20T11:10:08","slug":"lowrider-fi-facebook-group","status":"publish","type":"page","link":"https:\/\/www.lowrider.fi\/?page_id=221","title":{"rendered":"Lowrider-fi Facebook group"},"content":{"rendered":"<p>Lowrider-fi Facebook ryhm\u00e4n l\u00f6yd\u00e4t t\u00e4\u00e4lt\u00e4:<\/p>\n<p><a href=\"https:\/\/www.facebook.com\/groups\/464983866846225\/\" target=\"_blank\">Lowrider-fi Facebook group<\/a><\/p>\n","protected":false},"excerpt":{"rendered":"<p>Lowrider-fi Facebook ryhm\u00e4n l\u00f6yd\u00e4t t\u00e4\u00e4lt\u00e4: Lowrider-fi Facebook group<\/p>\n","protected":false},"author":2,"featured_media":0,"parent":0,"menu_order":0,"comment_status":"open","ping_status":"open","template":"","meta":{"footnotes":""},"class_list":["post-221","page","type-page","status-publish","hentry"],"_links":{"self":[{"href":"https:\/\/www.lowrider.fi\/index.php?rest_route=\/wp\/v2\/pages\/221","targetHints":{"allow":["GET"]}}],"collection":[{"href":"https:\/\/www.lowrider.fi\/index.php?rest_route=\/wp\/v2\/pages"}],"about":[{"href":"https:\/\/www.lowrider.fi\/index.php?rest_route=\/wp\/v2\/types\/page"}],"author":[{"embeddable":true,"href":"https:\/\/www.lowrider.fi\/index.php?rest_route=\/wp\/v2\/users\/2"}],"replies":[{"embeddable":true,"href":"https:\/\/www.lowrider.fi\/index.php?rest_route=%2Fwp%2Fv2%2Fcomments&post=221"}],"version-history":[{"count":1,"href":"https:\/\/www.lowrider.fi\/index.php?rest_route=\/wp\/v2\/pages\/221\/revisions"}],"predecessor-version":[{"id":222,"href":"https:\/\/www.lowrider.fi\/index.php?rest_route=\/wp\/v2\/pages\/221\/revisions\/222"}],"wp:attachment":[{"href":"https:\/\/www.lowrider.fi\/index.php?rest_route=%2Fwp%2Fv2%2Fmedia&parent=221"}],"curies":[{"name":"wp","href":"https:\/\/api.w.org\/{rel}","templated":true}]}}