{"id":2,"date":"2014-08-07T08:21:43","date_gmt":"2014-08-07T08:21:43","guid":{"rendered":"http:\/\/www.lowrider.fi\/uusi\/?page_id=2"},"modified":"2014-08-11T18:39:35","modified_gmt":"2014-08-11T15:39:35","slug":"esimerkkisivu","status":"publish","type":"page","link":"https:\/\/www.lowrider.fi\/?page_id=2","title":{"rendered":"Lowrider.fi info"},"content":{"rendered":"<p><span style=\"font-weight: bold;\">Welcome to the Lowrider.fi community.<\/span><\/p>\n<p>Lowrider.fi is for all car enthusiasts who have the same &#8221;low is a lifestyle&#8221; type of attitude, regardless of the car make and model. If you like the lowered and modified cars, airbag setups, minitrucks, draggin, burnouts and you have a relaxed attitude to life without unnecessary tensing &#8211; welcome!<\/p>\n<p>A super low car ownership is not required to gain entry to our forum, in spite of the website&#8217;s name and the make or the model of the car is also irrelevant. Similarly, various types of build styles from old school to new school cars and everything between that are welcome. Even though some enthusiasts have more modified cars that the others, we value here in equally old school style of minimalist solutions. <span style=\"font-weight: bold;\">The most important thing is the right attitude and interest in this great hobby.<\/span><\/p>\n<p><span style=\"font-weight: bold;\">If you have installed or have planned to install such things as an air suspension to your car, you&#8217;re in the right place.<\/span> If coilover threads in your car work only in one direction -&gt; more lowering, you are welcome! Maybe you do not want your car to be very low, but decent sound systems are close to your heart. Wide, shiny rims or performance acquired through the motor swap are also such things, which members of the Lowrider.fi community like. This time let&#8217;s leave the unnecessary limits concerning car brand and manufacturing land and focus on the essential thing &#8211; our wonderful hobby, and its development, which is main reason we all are at this website!<\/p>\n<p>The purpose is also to share know-how among the members of the different ways to build a car, especially in lowering the suspension and the related modifications. We try to connect to this forum all information about the less known lowering technics such as hydraulics and pneumatics-based solutions. Our aim is also to develop the local Finnish culture in building cars closer to the international standard also in this area.<\/p>\n<p>&#8212;<\/p>\n<p><span style=\"font-weight: bold;\">Lowrider.fi &#8211; Me jatkamme siit\u00e4, mihin muut autokerhot lopettavat!<\/span> <img decoding=\"async\" title=\"Very Happy\" src=\"https:\/\/www.lowrider.fi\/forum\/images\/smilies\/icon_e_biggrin.gif\" alt=\":D\" \/><\/p>\n<p>Tervetuloa mukaan Lowrider.fi yhteis\u00f6\u00f6n. <span style=\"font-weight: bold;\">Lowrider.fi nettisivut on tarkoitettu kaikille saman ajatusmaailman jakaville harrastajille <span style=\"text-decoration: underline;\">automerkist\u00e4 ja -mallista riippumatta.<\/span><\/span> Jos pid\u00e4t matalista ja hienoista autoista sek\u00e4 sinulla on <span style=\"text-decoration: underline;\">rento asenne el\u00e4m\u00e4\u00e4n ilman turhaa j\u00e4nnitt\u00e4mist\u00e4<\/span> &#8211; tervetuloa!<\/p>\n<p>Lowrider.fi on auton merkist\u00e4, mallista ja valmistusmaasta riippumaton kaikille avoin kerho, joka ei nimest\u00e4 huolimatta ole keskittynyt ainoastaan mataliin autoihin. Emme ole keskittyneet toimintaan ainoastaan Suomessa. J\u00e4seni\u00e4 Lowrider.fi kerhossa on my\u00f6s ulkomailla Pohjois-Amerikkaa my\u00f6ten.<\/p>\n<p><span style=\"font-weight: bold;\"> <span style=\"font-style: italic;\">Meid\u00e4n tarkoitus ei ole kilpailla muiden suomalaisten autokerhojen kanssa, vaan me jatkamme siit\u00e4, mihin muut autokerhot lopettavat.<\/span><\/span><\/p>\n<p><span style=\"text-decoration: underline;\">Supermatalan auton omistamista ei edellytet\u00e4 mukaan p\u00e4\u00e4semiseen, yhteis\u00f6n nettisivujen nimest\u00e4 huolimatta<\/span>, eik\u00e4 auton valmistusmaalla tai merkill\u00e4 ole merkityst\u00e4. Samoin eri rakentelusuuntausten mukaiset autot ovat tervetulleita. Yhteis\u00f6n nimest\u00e4 huolimatta emme ole kaikki meksikolaisia ja aja hydrauliikalla varustetulla 1964 vuosimallin avo-Impalalla. <img decoding=\"async\" title=\"Wink\" src=\"https:\/\/www.lowrider.fi\/forum\/images\/smilies\/icon_e_wink.gif\" alt=\";)\" \/> Vaikka osa harrastajien autoista onkin enemm\u00e4n rakennettuja, arvostamme t\u00e4\u00e4ll\u00e4 my\u00f6s yht\u00e4 lailla old school tyyliin pelkistettyj\u00e4 ratkaisuja. <span style=\"text-decoration: underline;\">T\u00e4rkeint\u00e4 on oikea asenne ja kiinnostus aiheeseen!<\/span><\/p>\n<p>Mik\u00e4li olet asentanut tai suunnitellut asentavaisi esim. ilmajousitusta autoosi, olet oikeassa paikassa. Jos coilovereidesi kierteet toimivat vain yhteen suuntaan -&gt; lis\u00e4\u00e4 madallusta, niin tervetuloa! Ehk\u00e4 et ole halunnut autostasi erityisen matalaa, mutta kunnon \u00e4\u00e4nentoistolaitteet ovat l\u00e4hell\u00e4 syd\u00e4nt\u00e4si. Leve\u00e4t ja kiilt\u00e4v\u00e4t vanteet tai moottoriswapin kautta hankittu suorituskyky ovat my\u00f6s sellaisia asioita, josta Lowrider.fi yhteis\u00f6n j\u00e4senet pit\u00e4v\u00e4t. <span style=\"font-style: italic;\">T\u00e4ll\u00e4 kertaa j\u00e4tet\u00e4\u00e4n vaan turhat automerkkiin ja valmistusmaahan liityv\u00e4t rajat pois toiminnasta sek\u00e4 keskityt\u00e4\u00e4n olennaiseen &#8211; hienoon harrastukseen ja sen kehitt\u00e4miseen, jonka takia me kaikki olemme n\u00e4ill\u00e4 sivuilla!<\/span><\/p>\n<p><span style=\"font-weight: bold;\">Kyll\u00e4 t\u00e4\u00e4ll\u00e4 kelpaa esitell\u00e4 vaikka korotettua jenkki-pickupia tai euroautoa, jossa on 700hv turbotekniikka. Ei auton madaltaminen ole edellytyksen\u00e4 p\u00e4\u00e4st\u00e4 meininkeihin mukaan &#8211; oikea asenne riitt\u00e4\u00e4! My\u00f6s hienoista moottoripy\u00f6rist\u00e4 sopii laittaa kuvia ja tehd\u00e4 projektitopicin.<\/span><\/p>\n<p><span style=\"font-style: italic;\">Yhteis\u00f6n tarkoitus on my\u00f6s jakaa tietotaitoa j\u00e4senien kesken erilaisista tavoista rakentaa autoa, erityisesti madaltamiseen ja alustan muutoksiin liittyen. Pyrimme yhdist\u00e4m\u00e4\u00e4n t\u00e4lle foorumille my\u00f6s Suomessa v\u00e4hemm\u00e4n tunnettujen alustarakenteiden kuten hydrauliikkaan ja pneumatiikkaan perustuvien ratkaisujen harrastajat. Suomessa varsin uutena rakentelutyylin\u00e4 on USA:ssa jo 1980-luvulta asti suosittuna rakentelusuuntauksena ollut Minitrucking, jossa eri mallisia pickupeja rakennetaan mahdollisimman mataliksi. Tarkoituksena on kehitt\u00e4\u00e4 suomalaista autonrakentelukulttuuria l\u00e4hemm\u00e4s kansainv\u00e4list\u00e4 tasoa my\u00f6s t\u00e4ll\u00e4 alalla sek\u00e4 tuoda rakentelu my\u00f6s Suomessa tunnetuksi. <\/span><\/p>\n","protected":false},"excerpt":{"rendered":"<p>Welcome to the Lowrider.fi community. Lowrider.fi is for all car enthusiasts who have the same &#8221;low is a lifestyle&#8221; type of attitude, regardless of the car make and model. If you like the lowered and modified cars, airbag setups, minitrucks, draggin, burnouts and you have a relaxed attitude to life without unnecessary tensing &#8211; welcome! &hellip; <a href=\"https:\/\/www.lowrider.fi\/?page_id=2\" class=\"more-link\">Jatka lukemista <span class=\"screen-reader-text\">Lowrider.fi info<\/span> <span class=\"meta-nav\">&rarr;<\/span><\/a><\/p>\n","protected":false},"author":1,"featured_media":0,"parent":0,"menu_order":0,"comment_status":"open","ping_status":"open","template":"","meta":{"footnotes":""},"class_list":["post-2","page","type-page","status-publish","hentry"],"_links":{"self":[{"href":"https:\/\/www.lowrider.fi\/index.php?rest_route=\/wp\/v2\/pages\/2","targetHints":{"allow":["GET"]}}],"collection":[{"href":"https:\/\/www.lowrider.fi\/index.php?rest_route=\/wp\/v2\/pages"}],"about":[{"href":"https:\/\/www.lowrider.fi\/index.php?rest_route=\/wp\/v2\/types\/page"}],"author":[{"embeddable":true,"href":"https:\/\/www.lowrider.fi\/index.php?rest_route=\/wp\/v2\/users\/1"}],"replies":[{"embeddable":true,"href":"https:\/\/www.lowrider.fi\/index.php?rest_route=%2Fwp%2Fv2%2Fcomments&post=2"}],"version-history":[{"count":2,"href":"https:\/\/www.lowrider.fi\/index.php?rest_route=\/wp\/v2\/pages\/2\/revisions"}],"predecessor-version":[{"id":18,"href":"https:\/\/www.lowrider.fi\/index.php?rest_route=\/wp\/v2\/pages\/2\/revisions\/18"}],"wp:attachment":[{"href":"https:\/\/www.lowrider.fi\/index.php?rest_route=%2Fwp%2Fv2%2Fmedia&parent=2"}],"curies":[{"name":"wp","href":"https:\/\/api.w.org\/{rel}","templated":true}]}}